{"id":254,"date":"2019-10-31T19:00:53","date_gmt":"2019-10-31T21:00:53","guid":{"rendered":"http:\/\/localhost\/wagner\/po-000080-uniodonto-campinas\/?page_id=254"},"modified":"2022-10-17T15:04:45","modified_gmt":"2022-10-17T18:04:45","slug":"plano-empresarial","status":"publish","type":"page","link":"https:\/\/uniodontocampinas.com.br\/site\/plano-empresarial\/","title":{"rendered":"Plano Empresarial"},"content":{"rendered":"\n<p>Na gest\u00e3o de recursos humanos, a sa\u00fade \u00e9 aspecto primordial, pois interfere diretamente na produtividade da empresa. Afinal, pessoas saud\u00e1veis e bem dispostas dedicam-se mais ao trabalho, ausentam-se menos de suas atividades e passam a se sentir valorizadas pela empresa, respondendo com maior desempenho.<\/p>\n\n\n\n<p>Oferecer a melhor assist\u00eancia odontol\u00f3gica aos seus colaboradores \u00e9 garantia de satisfa\u00e7\u00e3o, seguran\u00e7a, motiva\u00e7\u00e3o e produtividade. Para isso, a Uniodonto Campinas \u00e9 a melhor op\u00e7\u00e3o regional e nacional, pois oferece ao empres\u00e1rio o que h\u00e1 de mais moderno em planos de assist\u00eancia odontol\u00f3gica, inclusive com o desenvolvimento de projetos especiais voltados \u00e0 necessidade e ao perfil da sua empresa.<\/p>\n","protected":false},"excerpt":{"rendered":"<p>Na gest\u00e3o de recursos humanos, a sa\u00fade \u00e9 aspecto primordial, pois interfere diretamente na produtividade da empresa. Afinal, pessoas saud\u00e1veis e bem dispostas dedicam-se mais ao trabalho, ausentam-se menos de suas atividades e passam a se sentir valorizadas pela empresa, respondendo com maior desempenho. Oferecer a melhor assist\u00eancia odontol\u00f3gica aos seus colaboradores \u00e9 garantia de [&hellip;]<\/p>\n","protected":false},"author":1,"featured_media":0,"parent":0,"menu_order":0,"comment_status":"closed","ping_status":"closed","template":"tpl-for-your-company.php","meta":{"_acf_changed":false,"inline_featured_image":false,"footnotes":""},"class_list":["post-254","page","type-page","status-publish","hentry"],"acf":[],"_links":{"self":[{"href":"https:\/\/uniodontocampinas.com.br\/site\/wp-json\/wp\/v2\/pages\/254","targetHints":{"allow":["GET"]}}],"collection":[{"href":"https:\/\/uniodontocampinas.com.br\/site\/wp-json\/wp\/v2\/pages"}],"about":[{"href":"https:\/\/uniodontocampinas.com.br\/site\/wp-json\/wp\/v2\/types\/page"}],"author":[{"embeddable":true,"href":"https:\/\/uniodontocampinas.com.br\/site\/wp-json\/wp\/v2\/users\/1"}],"replies":[{"embeddable":true,"href":"https:\/\/uniodontocampinas.com.br\/site\/wp-json\/wp\/v2\/comments?post=254"}],"version-history":[{"count":0,"href":"https:\/\/uniodontocampinas.com.br\/site\/wp-json\/wp\/v2\/pages\/254\/revisions"}],"wp:attachment":[{"href":"https:\/\/uniodontocampinas.com.br\/site\/wp-json\/wp\/v2\/media?parent=254"}],"curies":[{"name":"wp","href":"https:\/\/api.w.org\/{rel}","templated":true}]}}