{"id":1478,"date":"2020-04-13T15:19:28","date_gmt":"2020-04-13T18:19:28","guid":{"rendered":"https:\/\/uniodontocampinas.com.br\/?page_id=1478"},"modified":"2021-05-12T18:40:11","modified_gmt":"2021-05-12T21:40:11","slug":"todemascara","status":"publish","type":"page","link":"https:\/\/uniodontocampinas.com.br\/site\/todemascara\/","title":{"rendered":"Campanha #todemascara"},"content":{"rendered":"\n<div class=\"wp-block-image\"><figure class=\"aligncenter is-resized\"><img fetchpriority=\"high\" decoding=\"async\" src=\"https:\/\/uniodontocampinas.com.br\/site\/wp-content\/uploads\/2020\/04\/ToDeMascara_Cor.png\" alt=\"\" class=\"wp-image-1709\" width=\"375\" height=\"192\" srcset=\"https:\/\/uniodontocampinas.com.br\/site\/wp-content\/uploads\/2020\/04\/ToDeMascara_Cor.png 1500w, https:\/\/uniodontocampinas.com.br\/site\/wp-content\/uploads\/2020\/04\/ToDeMascara_Cor-300x154.png 300w, https:\/\/uniodontocampinas.com.br\/site\/wp-content\/uploads\/2020\/04\/ToDeMascara_Cor-768x394.png 768w, https:\/\/uniodontocampinas.com.br\/site\/wp-content\/uploads\/2020\/04\/ToDeMascara_Cor-1024x525.png 1024w\" sizes=\"(max-width: 375px) 100vw, 375px\" \/><\/figure><\/div>\n\n\n<p style=\"text-align: left;\">Lavar bem as m\u00e3os, higienizar as superf\u00edcies e objetos de uso di\u00e1rio e evitar o contato com outras pessoas, principalmente aquelas do grupo de risco, s\u00e3o a\u00e7\u00f5es parte de um <strong>protocolo criado para evitar a dissemina\u00e7\u00e3o da Covid-19<\/strong>. Em outras palavras, tudo isso \u00e9 para <strong>proteger voc\u00ea e quem voc\u00ea ama<\/strong> do Coronav\u00edrus.<\/p>\n\n\n<p>Agora temos mais uma aliada nessa luta:&nbsp;<strong>A M\u00c1SCARA<\/strong>!<\/p>\n\n\n\n<p>A m\u00e1scara de tecido j\u00e1 fazia parte do arsenal contra o Coronav\u00edrus em outros pa\u00edses e agora faz parte do nosso tamb\u00e9m. A m\u00e1scara ajuda a <strong>diminuir a transmiss\u00e3o<\/strong> de v\u00edrus e bact\u00e9rias pelo ar. N\u00e3o \u00e9 100% segura, mas, se todo mundo usar, a efic\u00e1cia dela ser\u00e1 <strong>ainda maior<\/strong>.<br><\/p>\n\n\n\n<div class=\"wp-block-columns has-3-columns is-layout-flex wp-container-core-columns-is-layout-9d6595d7 wp-block-columns-is-layout-flex\">\n<div class=\"wp-block-column is-layout-flow wp-block-column-is-layout-flow\">\n<div class=\"wp-block-image\"><figure class=\"aligncenter\"><img decoding=\"async\" width=\"300\" height=\"208\" src=\"https:\/\/uniodontocampinas.com.br\/site\/wp-content\/uploads\/2020\/04\/Imagem1-300x208.png\" alt=\"\" class=\"wp-image-1480\" srcset=\"https:\/\/uniodontocampinas.com.br\/site\/wp-content\/uploads\/2020\/04\/Imagem1-300x208.png 300w, https:\/\/uniodontocampinas.com.br\/site\/wp-content\/uploads\/2020\/04\/Imagem1-768x532.png 768w, https:\/\/uniodontocampinas.com.br\/site\/wp-content\/uploads\/2020\/04\/Imagem1.png 786w\" sizes=\"(max-width: 300px) 100vw, 300px\" \/><figcaption> Todo mundo j\u00e1 sabe que a m\u00e1scara cir\u00fargica, aquela que os profissionais de sa\u00fade usam, \u00e9 mais eficaz na preven\u00e7\u00e3o. Mas a m\u00e1scara de tecido, quando feita de maneira correta, <strong>tamb\u00e9m pode ajudar voc\u00ea a se proteger<\/strong>.  <\/figcaption><\/figure><\/div>\n<\/div>\n\n\n\n<div class=\"wp-block-column is-layout-flow wp-block-column-is-layout-flow\">\n<div class=\"wp-block-image\"><figure class=\"aligncenter is-resized\"><img decoding=\"async\" src=\"https:\/\/uniodontocampinas.com.br\/site\/wp-content\/uploads\/2020\/04\/Imagem2-300x225.png\" alt=\"\" class=\"wp-image-1481\" height=\"208\" srcset=\"https:\/\/uniodontocampinas.com.br\/site\/wp-content\/uploads\/2020\/04\/Imagem2-300x225.png 300w, https:\/\/uniodontocampinas.com.br\/site\/wp-content\/uploads\/2020\/04\/Imagem2.png 600w\" sizes=\"(max-width: 300px) 100vw, 300px\" \/><figcaption> <strong>Importante!&nbsp;<\/strong>A m\u00e1scara cir\u00fargica deve ser usada apenas pelos profissionais de sa\u00fade que est\u00e3o na linha de frente, ok? N\u00e3o vamos acabar com o estoque e prejudicar o trabalho deles.&nbsp;   <\/figcaption><\/figure><\/div>\n<\/div>\n\n\n\n<div class=\"wp-block-column is-layout-flow wp-block-column-is-layout-flow\">\n<div class=\"wp-block-image\"><figure class=\"aligncenter is-resized\"><img decoding=\"async\" src=\"https:\/\/uniodontocampinas.com.br\/site\/wp-content\/uploads\/2020\/04\/Imagem3-277x300.png\" alt=\"\" class=\"wp-image-1482\" width=\"208\" height=\"208\"\/><figcaption> Se cada um fizer a sua m\u00e1scara, todo mundo fica protegido.  <strong>E lembre-se:&nbsp;<\/strong>com sintomas ou sem sintomas, se precisar sair de casa, use m\u00e1scara.   <\/figcaption><\/figure><\/div>\n<\/div>\n<\/div>\n\n\n\n<div class=\"wp-block-image\"><figure class=\"aligncenter\"><img loading=\"lazy\" decoding=\"async\" width=\"115\" height=\"24\" src=\"https:\/\/uniodontocampinas.com.br\/site\/wp-content\/uploads\/2020\/04\/detail-bar.png\" alt=\"\" class=\"wp-image-1435\"\/><\/figure><\/div>\n\n\n\n<h2 class=\"has-text-align-center wp-block-heading\"><strong>Para fazer sua m\u00e1scara, voc\u00ea precisar\u00e1 de:<\/strong><\/h2>\n\n\n\n<br>\n<br>\n\n\n\n<div class=\"wp-block-columns has-3-columns is-layout-flex wp-container-core-columns-is-layout-9d6595d7 wp-block-columns-is-layout-flex\">\n<div class=\"wp-block-column is-layout-flow wp-block-column-is-layout-flow\">\n<div class=\"wp-block-image\"><figure class=\"aligncenter is-resized\"><img loading=\"lazy\" decoding=\"async\" src=\"https:\/\/uniodontocampinas.com.br\/site\/wp-content\/uploads\/2020\/04\/Tecido-150x150.png\" alt=\"\" class=\"wp-image-1535\" width=\"113\" height=\"113\" srcset=\"https:\/\/uniodontocampinas.com.br\/site\/wp-content\/uploads\/2020\/04\/Tecido-150x150.png 150w, https:\/\/uniodontocampinas.com.br\/site\/wp-content\/uploads\/2020\/04\/Tecido-300x300.png 300w, https:\/\/uniodontocampinas.com.br\/site\/wp-content\/uploads\/2020\/04\/Tecido.png 512w\" sizes=\"(max-width: 113px) 100vw, 113px\" \/><figcaption> <strong>2 pe\u00e7as de tecido higienizado<\/strong> de algod\u00e3o \u00e0 sua escolha, com ou sem estampa. Use sua criatividade.<\/figcaption><\/figure><\/div>\n<\/div>\n\n\n\n<div class=\"wp-block-column is-layout-flow wp-block-column-is-layout-flow\">\n<div class=\"wp-block-image\"><figure class=\"aligncenter is-resized\"><img loading=\"lazy\" decoding=\"async\" src=\"https:\/\/uniodontocampinas.com.br\/site\/wp-content\/uploads\/2020\/04\/El\u00e1stico-150x150.png\" alt=\"\" class=\"wp-image-1536\" width=\"113\" height=\"113\" srcset=\"https:\/\/uniodontocampinas.com.br\/site\/wp-content\/uploads\/2020\/04\/El\u00e1stico-150x150.png 150w, https:\/\/uniodontocampinas.com.br\/site\/wp-content\/uploads\/2020\/04\/El\u00e1stico-300x300.png 300w, https:\/\/uniodontocampinas.com.br\/site\/wp-content\/uploads\/2020\/04\/El\u00e1stico.png 512w\" sizes=\"(max-width: 113px) 100vw, 113px\" \/><figcaption><strong> 1 par de el\u00e1sticos<\/strong>, ou tiras de um tecido qualquer.  <\/figcaption><\/figure><\/div>\n<\/div>\n\n\n\n<div class=\"wp-block-column is-layout-flow wp-block-column-is-layout-flow\">\n<div class=\"wp-block-image\"><figure class=\"aligncenter is-resized\"><img loading=\"lazy\" decoding=\"async\" src=\"https:\/\/uniodontocampinas.com.br\/site\/wp-content\/uploads\/2020\/04\/Agulha-150x150.png\" alt=\"\" class=\"wp-image-1537\" width=\"113\" height=\"113\" srcset=\"https:\/\/uniodontocampinas.com.br\/site\/wp-content\/uploads\/2020\/04\/Agulha-150x150.png 150w, https:\/\/uniodontocampinas.com.br\/site\/wp-content\/uploads\/2020\/04\/Agulha-300x300.png 300w, https:\/\/uniodontocampinas.com.br\/site\/wp-content\/uploads\/2020\/04\/Agulha.png 512w\" sizes=\"(max-width: 113px) 100vw, 113px\" \/><figcaption> <strong>Agulha <\/strong>e <strong>linha <\/strong>de costura.  <\/figcaption><\/figure><\/div>\n<\/div>\n<\/div>\n\n\n\n<div class=\"wp-block-file aligncenter mt-4 btn-proposal-download\"><a href=\"https:\/\/uniodontocampinas.com.br\/site\/wp-content\/uploads\/2020\/04\/Gabarito-Mascara-Uniodonto-Campinas.pdf\" class=\"wp-block-file__button\" download>Fa\u00e7a download do molde da m\u00e1scara de tecido<\/a><\/div>\n\n\n\n<br>\n<br>\n\n\n\n<div class=\"wp-block-image\"><figure class=\"aligncenter\"><img loading=\"lazy\" decoding=\"async\" width=\"115\" height=\"24\" src=\"https:\/\/uniodontocampinas.com.br\/site\/wp-content\/uploads\/2020\/04\/detail-bar.png\" alt=\"\" class=\"wp-image-1435\"\/><\/figure><\/div>\n\n\n\n<h2 class=\"has-text-align-center wp-block-heading\"> <strong>Passo a passo para a montagem da sua m\u00e1scara de tecido<\/strong>:<\/h2>\n\n\n\n<br>\n<br>\n\n\n\n<div class=\"wp-block-columns has-4-columns is-layout-flex wp-container-core-columns-is-layout-9d6595d7 wp-block-columns-is-layout-flex\">\n<div class=\"wp-block-column is-layout-flow wp-block-column-is-layout-flow\">\n<figure class=\"wp-block-image img-fluid\"><img loading=\"lazy\" decoding=\"async\" width=\"503\" height=\"334\" src=\"https:\/\/uniodontocampinas.com.br\/site\/wp-content\/uploads\/2020\/04\/Passo1.png\" alt=\"\" class=\"wp-image-1565\" srcset=\"https:\/\/uniodontocampinas.com.br\/site\/wp-content\/uploads\/2020\/04\/Passo1.png 503w, https:\/\/uniodontocampinas.com.br\/site\/wp-content\/uploads\/2020\/04\/Passo1-300x199.png 300w\" sizes=\"(max-width: 503px) 100vw, 503px\" \/><\/figure>\n<\/div>\n\n\n\n<div class=\"wp-block-column is-layout-flow wp-block-column-is-layout-flow\">\n<p class=\"has-small-font-size\"><strong>1.&nbsp;<\/strong>Escolha o tamanho mais adequado para voc\u00ea entre os modelos disponibilizados para download acima. Imprima, recorte e prenda o molde ao tecido com um alfinete. Corte o tecido usando o molde de papel como guia. Voc\u00ea precisar\u00e1 de quatro pe\u00e7as iguais de tecido. <\/p>\n<\/div>\n\n\n\n<div class=\"wp-block-column is-layout-flow wp-block-column-is-layout-flow\">\n<figure class=\"wp-block-image img-fluid\"><img loading=\"lazy\" decoding=\"async\" width=\"412\" height=\"188\" src=\"https:\/\/uniodontocampinas.com.br\/site\/wp-content\/uploads\/2020\/04\/Passo2.png\" alt=\"\" class=\"wp-image-1578\" srcset=\"https:\/\/uniodontocampinas.com.br\/site\/wp-content\/uploads\/2020\/04\/Passo2.png 412w, https:\/\/uniodontocampinas.com.br\/site\/wp-content\/uploads\/2020\/04\/Passo2-300x137.png 300w\" sizes=\"(max-width: 412px) 100vw, 412px\" \/><\/figure>\n<\/div>\n\n\n\n<div class=\"wp-block-column is-layout-flow wp-block-column-is-layout-flow\">\n<p class=\"has-small-font-size\"><strong>2.&nbsp;<\/strong>Sobreponha duas partes de tecido, deixando o lado que ficar\u00e1 exposto voltado para dentro (como se fosse do avesso). Costure a lateral e repita o processo com as outras duas pe\u00e7as de tecido. <\/p>\n<\/div>\n<\/div>\n\n\n\n<div class=\"wp-block-columns has-4-columns is-layout-flex wp-container-core-columns-is-layout-9d6595d7 wp-block-columns-is-layout-flex\">\n<div class=\"wp-block-column is-layout-flow wp-block-column-is-layout-flow\">\n<div class=\"wp-block-image img-fluid\"><figure class=\"aligncenter\"><img loading=\"lazy\" decoding=\"async\" width=\"150\" height=\"150\" src=\"https:\/\/uniodontocampinas.com.br\/site\/wp-content\/uploads\/2020\/04\/Passo3-150x150.png\" alt=\"\" class=\"wp-image-1607\"\/><\/figure><\/div>\n<\/div>\n\n\n\n<div class=\"wp-block-column is-layout-flow wp-block-column-is-layout-flow\">\n<p class=\"has-small-font-size\"><strong>3<\/strong>.&nbsp;Abra uma das pe\u00e7as que voc\u00ea costurou, agora deixando a costura e a face que ficar\u00e1 escondida para baixo. <\/p>\n<\/div>\n\n\n\n<div class=\"wp-block-column is-layout-flow wp-block-column-is-layout-flow\">\n<figure class=\"wp-block-image img-fluid\"><img loading=\"lazy\" decoding=\"async\" width=\"487\" height=\"288\" src=\"https:\/\/uniodontocampinas.com.br\/site\/wp-content\/uploads\/2020\/04\/Passo4.png\" alt=\"\" class=\"wp-image-1608\" srcset=\"https:\/\/uniodontocampinas.com.br\/site\/wp-content\/uploads\/2020\/04\/Passo4.png 487w, https:\/\/uniodontocampinas.com.br\/site\/wp-content\/uploads\/2020\/04\/Passo4-300x177.png 300w\" sizes=\"(max-width: 487px) 100vw, 487px\" \/><\/figure>\n<\/div>\n\n\n\n<div class=\"wp-block-column is-layout-flow wp-block-column-is-layout-flow\">\n<p class=\"has-small-font-size\"><strong>4<\/strong>.&nbsp;Fixe as fitas nas laterais usando um alfinete, deixando uma pequena sobra para fora. As fitas devem ficar \u201cviradas\u201d para o centro.  <\/p>\n<\/div>\n<\/div>\n\n\n\n<div class=\"wp-block-columns has-4-columns is-layout-flex wp-container-core-columns-is-layout-9d6595d7 wp-block-columns-is-layout-flex\">\n<div class=\"wp-block-column is-layout-flow wp-block-column-is-layout-flow\">\n<figure class=\"wp-block-image img-fluid\"><img loading=\"lazy\" decoding=\"async\" width=\"503\" height=\"289\" src=\"https:\/\/uniodontocampinas.com.br\/site\/wp-content\/uploads\/2020\/04\/Passo5.png\" alt=\"\" class=\"wp-image-1612\" srcset=\"https:\/\/uniodontocampinas.com.br\/site\/wp-content\/uploads\/2020\/04\/Passo5.png 503w, https:\/\/uniodontocampinas.com.br\/site\/wp-content\/uploads\/2020\/04\/Passo5-300x172.png 300w\" sizes=\"(max-width: 503px) 100vw, 503px\" \/><\/figure>\n<\/div>\n\n\n\n<div class=\"wp-block-column is-layout-flow wp-block-column-is-layout-flow\">\n<p class=\"has-small-font-size\"><strong>5<\/strong>.&nbsp;Junte a outra pe\u00e7a com a costura e o lado que ficar\u00e1 escondido para fora.  <\/p>\n<\/div>\n\n\n\n<div class=\"wp-block-column is-layout-flow wp-block-column-is-layout-flow\">\n<figure class=\"wp-block-image img-fluid\"><img loading=\"lazy\" decoding=\"async\" width=\"531\" height=\"278\" src=\"https:\/\/uniodontocampinas.com.br\/site\/wp-content\/uploads\/2020\/04\/Passo6.png\" alt=\"\" class=\"wp-image-1613\" srcset=\"https:\/\/uniodontocampinas.com.br\/site\/wp-content\/uploads\/2020\/04\/Passo6.png 531w, https:\/\/uniodontocampinas.com.br\/site\/wp-content\/uploads\/2020\/04\/Passo6-300x157.png 300w\" sizes=\"(max-width: 531px) 100vw, 531px\" \/><\/figure>\n<\/div>\n\n\n\n<div class=\"wp-block-column is-layout-flow wp-block-column-is-layout-flow\">\n<p class=\"has-small-font-size\"><strong>6.<\/strong>&nbsp;Costure as duas pe\u00e7as, deixando uma pequena abertura em uma das laterais para a passagem das fitas. <\/p>\n<\/div>\n<\/div>\n\n\n\n<div class=\"wp-block-columns has-4-columns is-layout-flex wp-container-core-columns-is-layout-9d6595d7 wp-block-columns-is-layout-flex\">\n<div class=\"wp-block-column is-layout-flow wp-block-column-is-layout-flow\">\n<figure class=\"wp-block-image img-fluid\"><img loading=\"lazy\" decoding=\"async\" width=\"370\" height=\"236\" src=\"https:\/\/uniodontocampinas.com.br\/site\/wp-content\/uploads\/2020\/04\/Passo7.png\" alt=\"\" class=\"wp-image-1615\" srcset=\"https:\/\/uniodontocampinas.com.br\/site\/wp-content\/uploads\/2020\/04\/Passo7.png 370w, https:\/\/uniodontocampinas.com.br\/site\/wp-content\/uploads\/2020\/04\/Passo7-300x191.png 300w\" sizes=\"(max-width: 370px) 100vw, 370px\" \/><\/figure>\n<\/div>\n\n\n\n<div class=\"wp-block-column is-layout-flow wp-block-column-is-layout-flow\">\n<p class=\"has-small-font-size\"><strong>7.<\/strong>&nbsp;Puxe as fitas pelo v\u00e3o, para virar a m\u00e1scara do avesso para o direito, expondo o lado principal para fora e escondendo as costuras. <\/p>\n<\/div>\n\n\n\n<div class=\"wp-block-column is-layout-flow wp-block-column-is-layout-flow\">\n<figure class=\"wp-block-image img-fluid\"><img loading=\"lazy\" decoding=\"async\" width=\"407\" height=\"299\" src=\"https:\/\/uniodontocampinas.com.br\/site\/wp-content\/uploads\/2020\/04\/Passo8.png\" alt=\"\" class=\"wp-image-1616\" srcset=\"https:\/\/uniodontocampinas.com.br\/site\/wp-content\/uploads\/2020\/04\/Passo8.png 407w, https:\/\/uniodontocampinas.com.br\/site\/wp-content\/uploads\/2020\/04\/Passo8-300x220.png 300w\" sizes=\"(max-width: 407px) 100vw, 407px\" \/><\/figure>\n<\/div>\n\n\n\n<div class=\"wp-block-column is-layout-flow wp-block-column-is-layout-flow\">\n<p class=\"has-small-font-size\"><strong>8<\/strong>.&nbsp;Termine com a costura do buraco que ficou aberto para passagem das fitas. <\/p>\n<\/div>\n<\/div>\n\n\n\n<div class=\"wp-block-columns has-4-columns is-layout-flex wp-container-core-columns-is-layout-9d6595d7 wp-block-columns-is-layout-flex\">\n<div class=\"wp-block-column is-layout-flow wp-block-column-is-layout-flow\">\n<div class=\"wp-block-image img-fluid\"><figure class=\"aligncenter\"><img loading=\"lazy\" decoding=\"async\" width=\"300\" height=\"225\" src=\"https:\/\/uniodontocampinas.com.br\/site\/wp-content\/uploads\/2020\/04\/Passo9-300x225.png\" alt=\"\" class=\"wp-image-1617\" srcset=\"https:\/\/uniodontocampinas.com.br\/site\/wp-content\/uploads\/2020\/04\/Passo9-300x225.png 300w, https:\/\/uniodontocampinas.com.br\/site\/wp-content\/uploads\/2020\/04\/Passo9.png 438w\" sizes=\"(max-width: 300px) 100vw, 300px\" \/><\/figure><\/div>\n<\/div>\n\n\n\n<div class=\"wp-block-column is-layout-flow wp-block-column-is-layout-flow\">\n<p class=\"has-text-align-left has-small-font-size\"> <strong>9<\/strong>.&nbsp;Ao colocar a m\u00e1scara, amarre as fitas atr\u00e1s da cabe\u00e7a, certificando-se de que o nariz, a boca e o queixo est\u00e3o cobertos. <\/p>\n<\/div>\n\n\n\n<div class=\"wp-block-column is-layout-flow wp-block-column-is-layout-flow\"><\/div>\n\n\n\n<div class=\"wp-block-column is-layout-flow wp-block-column-is-layout-flow\">\n<p><\/p>\n<\/div>\n<\/div>\n\n\n\n<div class=\"wp-block-image\"><figure class=\"aligncenter\"><img loading=\"lazy\" decoding=\"async\" width=\"115\" height=\"24\" src=\"https:\/\/uniodontocampinas.com.br\/site\/wp-content\/uploads\/2020\/04\/detail-bar.png\" alt=\"\" class=\"wp-image-1435\"\/><\/figure><\/div>\n\n\n\n<h2 class=\"has-text-align-center wp-block-heading\"> <strong>ATEN\u00c7\u00c3O!<\/strong><\/h2>\n\n\n\n<p class=\"has-text-align-center\">O uso das m\u00e1scaras caseiras n\u00e3o substitui o distanciamento social,  a etiqueta respirat\u00f3ria, a higieniza\u00e7\u00e3o das m\u00e3os e dos objetos de uso di\u00e1rio. <\/p>\n\n\n\n<div class=\"wp-block-image\"><figure class=\"aligncenter\"><img loading=\"lazy\" decoding=\"async\" width=\"1024\" height=\"175\" src=\"https:\/\/uniodontocampinas.com.br\/site\/wp-content\/uploads\/2020\/04\/Imagem4-1024x175.png\" alt=\"\" class=\"wp-image-1630\" srcset=\"https:\/\/uniodontocampinas.com.br\/site\/wp-content\/uploads\/2020\/04\/Imagem4-1024x175.png 1024w, https:\/\/uniodontocampinas.com.br\/site\/wp-content\/uploads\/2020\/04\/Imagem4-300x51.png 300w, https:\/\/uniodontocampinas.com.br\/site\/wp-content\/uploads\/2020\/04\/Imagem4-768x131.png 768w, https:\/\/uniodontocampinas.com.br\/site\/wp-content\/uploads\/2020\/04\/Imagem4.png 1904w\" sizes=\"(max-width: 1024px) 100vw, 1024px\" \/><\/figure><\/div>\n\n\n\n<h3 class=\"wp-block-heading\"><strong>N\u00e3o compartilhe<\/strong><\/h3>\n\n\n\n<p> As m\u00e1scaras s\u00e3o de uso individual. N\u00e3o compartilhe com ningu\u00e9m. <\/p>\n\n\n\n<h3 class=\"wp-block-heading\"><strong>Tenha v\u00e1rias m\u00e1scaras<\/strong><\/h3>\n\n\n\n<p>As m\u00e1scaras de tecido, assim como as m\u00e1scaras cir\u00fargicas, t\u00eam efetividade por apenas 2 horas. Se voc\u00ea precisa ficar por longos per\u00edodos fora de casa, como ir trabalhar, tenha mais pares para ir trocando. Leve sempre as m\u00e1scaras limpas em um recipiente ou sacola limpa e reserve uma sacola para as m\u00e1scaras j\u00e1 utilizadas. Com v\u00e1rias op\u00e7\u00f5es de m\u00e1scaras, voc\u00ea sempre ter\u00e1 uma dispon\u00edvel para utilizar enquanto as outras estiverem lavando\/secando. <\/p>\n\n\n\n<h3 class=\"wp-block-heading\"><strong>Uso consciente<\/strong><\/h3>\n\n\n\n<p>Coloque a m\u00e1scara com cuidado para cobrir a boca e o nariz e amarre com seguran\u00e7a para minimizar os espa\u00e7os entre o rosto e a m\u00e1scara. Jamais toque a m\u00e1scara durante o uso. Se tocar, lave imediatamente as m\u00e3os.  <\/p>\n\n\n\n<h3 class=\"wp-block-heading\"><strong>Cuidado com a umidade<\/strong><\/h3>\n\n\n\n<p>Quando voc\u00ea respira, fala ou tosse, a saliva se prende ao tecido. O tecido \u00famido facilita a passagem do v\u00edrus e a prolifera\u00e7\u00e3o de bact\u00e9rias. Por isso \u00e9 muito importante a sua troca a cada 2 horas.   <\/p>\n\n\n\n<h3 class=\"wp-block-heading\"><strong>Remova com seguran\u00e7a<\/strong><\/h3>\n\n\n\n<p>Remova a m\u00e1scara pegando pelo el\u00e1stico\/la\u00e7o da parte de tr\u00e1s da cabe\u00e7a\/orelha. N\u00e3o toque a parte da frente. Ap\u00f3s remover, coloque-a imediatamente para lavar.  <\/p>\n\n\n\n<h3 class=\"wp-block-heading\"><strong>Lavagem<\/strong><\/h3>\n\n\n\n<p>Higienize a m\u00e1scara ap\u00f3s cada uso. \u00c1gua quente e detergente s\u00e3o uma boa op\u00e7\u00e3o, e voc\u00ea pode adicionar \u00e1gua sanit\u00e1ria \u00e0 lavagem, na propor\u00e7\u00e3o de 20 ml a cada litro de \u00e1gua. Lave suas m\u00e1scaras por pelo menos 20 minutos. Coloque \u00e0 luz do sol para secar.<\/p>\n\n\n\n<h3 class=\"wp-block-heading\"><strong>Descarte<\/strong><\/h3>\n\n\n\n<p>Descarte a m\u00e1scara sempre que apresentar sinais de deteriora\u00e7\u00e3o ou funcionalidade comprometida. <\/p>\n\n\n\n<div class=\"wp-block-image\"><figure class=\"aligncenter\"><img loading=\"lazy\" decoding=\"async\" width=\"115\" height=\"24\" src=\"https:\/\/uniodontocampinas.com.br\/site\/wp-content\/uploads\/2020\/04\/detail-bar.png\" alt=\"\" class=\"wp-image-1435\"\/><\/figure><\/div>\n\n\n\n<h2 class=\"has-text-align-center wp-block-heading\"> <strong>Assista ao v\u00eddeo da nossa campanha!<\/strong><\/h2>\n\n\n\n<br>\n<br>\n\n\n\n<figure class=\"wp-block-video aligncenter\"><video height=\"480\" style=\"aspect-ratio: 854 \/ 480;\" width=\"854\" controls preload=\"auto\" src=\"https:\/\/uniodontocampinas.com.br\/site\/wp-content\/uploads\/2020\/04\/todemascara_final.mp4\"><\/video><\/figure>\n\n\n\n<div class=\"wp-block-image\"><figure class=\"aligncenter\"><img loading=\"lazy\" decoding=\"async\" width=\"115\" height=\"24\" src=\"https:\/\/uniodontocampinas.com.br\/site\/wp-content\/uploads\/2020\/04\/detail-bar.png\" alt=\"\" class=\"wp-image-1435\"\/><\/figure><\/div>\n\n\n\n<h2 class=\"has-text-align-center wp-block-heading\"> <strong> Voc\u00ea sabe a diferen\u00e7a entre isolamento, quarentena e distanciamento social?<\/strong><\/h2>\n\n\n\n<h3 class=\"wp-block-heading\"><strong>?Em iso?lamento<\/strong><\/h3>\n\n\n\n<p>Pessoa que testou positivo para a Covid-19, ou apresenta quadro de s\u00edndrome gripal sugestiva, e as que vivem na mesma resid\u00eancia.<\/p>\n\n\n\n<h3 class=\"wp-block-heading\"><strong>Em quarentena<\/strong><\/h3>\n\n\n\n<p>Pessoa que esteve em contato com algum indiv\u00edduo que tem o v\u00edrus e est\u00e1 aguardando para ver se apresentar\u00e1 os sintomas. <\/p>\n\n\n\n<h3 class=\"wp-block-heading\"><strong>Em distanciamento social<\/strong><\/h3>\n\n\n\n<p>Todas as pessoas que est\u00e3o contribuindo para reduzir o risco de transmiss\u00e3o, evitando contato com outras pessoas, principalmente aquelas do grupo de risco.<\/p>\n","protected":false},"excerpt":{"rendered":"<p>Lavar bem as m\u00e3os, higienizar as superf\u00edcies e objetos de uso di\u00e1rio e evitar o contato com outras pessoas, principalmente aquelas do grupo de risco, s\u00e3o a\u00e7\u00f5es parte de um protocolo criado para evitar a dissemina\u00e7\u00e3o da Covid-19. Em outras palavras, tudo isso \u00e9 para proteger voc\u00ea e quem voc\u00ea ama do Coronav\u00edrus. Agora temos [&hellip;]<\/p>\n","protected":false},"author":1,"featured_media":0,"parent":0,"menu_order":0,"comment_status":"closed","ping_status":"closed","template":"","meta":{"_acf_changed":false,"inline_featured_image":false,"footnotes":""},"class_list":["post-1478","page","type-page","status-publish","hentry"],"acf":[],"_links":{"self":[{"href":"https:\/\/uniodontocampinas.com.br\/site\/wp-json\/wp\/v2\/pages\/1478","targetHints":{"allow":["GET"]}}],"collection":[{"href":"https:\/\/uniodontocampinas.com.br\/site\/wp-json\/wp\/v2\/pages"}],"about":[{"href":"https:\/\/uniodontocampinas.com.br\/site\/wp-json\/wp\/v2\/types\/page"}],"author":[{"embeddable":true,"href":"https:\/\/uniodontocampinas.com.br\/site\/wp-json\/wp\/v2\/users\/1"}],"replies":[{"embeddable":true,"href":"https:\/\/uniodontocampinas.com.br\/site\/wp-json\/wp\/v2\/comments?post=1478"}],"version-history":[{"count":0,"href":"https:\/\/uniodontocampinas.com.br\/site\/wp-json\/wp\/v2\/pages\/1478\/revisions"}],"wp:attachment":[{"href":"https:\/\/uniodontocampinas.com.br\/site\/wp-json\/wp\/v2\/media?parent=1478"}],"curies":[{"name":"wp","href":"https:\/\/api.w.org\/{rel}","templated":true}]}}